{"id":796,"date":"2020-01-09T17:32:35","date_gmt":"2020-01-09T17:32:35","guid":{"rendered":"https:\/\/esenciar.com.ar\/?page_id=796"},"modified":"2022-09-30T18:42:09","modified_gmt":"2022-09-30T18:42:09","slug":"quienes-somos","status":"publish","type":"page","link":"https:\/\/esenciar.com.ar\/en\/quienes-somos\/","title":{"rendered":"About us?"},"content":{"rendered":"<div data-elementor-type=\"wp-page\" data-elementor-id=\"796\" class=\"elementor elementor-796\">\n\t\t\t\t\t\t<div class=\"elementor-inner\">\n\t\t\t\t<div class=\"elementor-section-wrap\">\n\t\t\t\t\t\t\t\t\t<section class=\"elementor-section elementor-top-section elementor-element elementor-element-354bd30 elementor-section-boxed elementor-section-height-default elementor-section-height-default\" data-id=\"354bd30\" data-element_type=\"section\">\n\t\t\t\t\t\t<div class=\"elementor-container elementor-column-gap-default\">\n\t\t\t\t\t\t\t<div class=\"elementor-row\">\n\t\t\t\t\t<div class=\"elementor-column elementor-col-100 elementor-top-column elementor-element elementor-element-21d4df8\" data-id=\"21d4df8\" data-element_type=\"column\">\n\t\t\t<div class=\"elementor-column-wrap elementor-element-populated\">\n\t\t\t\t\t\t\t<div class=\"elementor-widget-wrap\">\n\t\t\t\t\t\t<div class=\"elementor-element elementor-element-c279cfa elementor-widget elementor-widget-text-editor\" data-id=\"c279cfa\" data-element_type=\"widget\" data-widget_type=\"text-editor.default\">\n\t\t\t\t<div class=\"elementor-widget-container\">\n\t\t\t\t\t\t\t\t<div class=\"elementor-text-editor elementor-clearfix\">\n\t\t\t\t<p class=\"p1\">Programa de turismo sustentable para impulsar el desarrollo integral de pueblos originarios y comunidades rurales. Organizamos jornadas de intercambio cultural con propuestas de viaje, para vivir un d\u00eda junto en una comunidad participando de diversas experiencias vivenciales: talleres artesanales, trabajo de la tierra, selecci\u00f3n de semillas, reforestaci\u00f3n, talleres gastronom\u00eda t\u00edpica, enolog\u00eda artesanal y alimentaci\u00f3n de calidad, son algunas de las opciones que ofrecemos. Nos alineamos a los ODS 1, 2, 3, 4, 5, 8, 9, 10, 11, 12, 13, 15 y 17, con presencia en comunidades de casi todo el pa\u00eds. Nuestros objetivos de trabajo son: lograr empoderamiento comunitario econ\u00f3mico, evitar la migraci\u00f3n de la juventud, erradicar el turismo con delito de explotaci\u00f3n sexual y la trata de personas, colaborar en la organizaci\u00f3n de las comunidades, asesorar y desarrollar micro emprendimientos de las trabajadoras artesanas, promover la escolaridad infantil, capacitar en calidad tur\u00edstica integral, fomentar la inclusi\u00f3n a la econom\u00eda formal de cada comunidad, establecer alianzas y trabajo colaborativo para lograr accesibilidad a servicios b\u00e1sicos, ser agentes de cambio y difusi\u00f3n de cultura, generando recursos dignos con perspectiva de g\u00e9nero y el respeto a los derechos humanos. EsenciAr es una marca registrada y Operada por Travel Pharma.<\/p><p class=\"p1\">En Travel Pharma &amp; EsenciAr so\u00f1amos con cambiar el mundo y empezamos a SER ese cambio que so\u00f1amos. Por eso construimos una empresa con pilares como respeto, integraci\u00f3n, inclusi\u00f3n, equidad, compromiso, igualdad y sostenibilidad. Dise\u00f1amos viajes negocios y de placer absolutamente personalizados. Nuestro Compromiso: brindar experiencias \u00fanicas, memorables y realizadas a medida. Entregar todo nuestro potencial de trabajo, de calidad profesional, vasta experiencia y calidez humana, para lograr el equilibrio perfecto en cada viaje.<\/p><p class=\"p1\">Pol\u00edtica de Compromiso con la Igualdad: Trabajamos con perspectiva de G\u00e9nero, Inclusi\u00f3n, Equidad y Anti Discriminaci\u00f3n. Somos Women Owned y contamos con el Sello Empresa Mujer del Gobierno de la Cuidad de Buenos Aires, Argentina. Nuestra empresa tiene un premio de ONU Mujeres, OIT y la Uni\u00f3n Europea, gracias a nuestras acciones en el marco de los principios WEPs. Adem\u00e1s Mujeres Empresarias FECOBA nos entreg\u00f3 un reconocimiento por ser \u201cEmpresa con Impacto Social\u201d. Contamos con pol\u00edticas comprometidas que incluyen gu\u00edas especializadas de contrataciones, adem\u00e1s de protocolos antiacoso, antiviolencia y anti discriminaci\u00f3n, alineados al Convenio 190 de la OIT. Fundamos, celebramos y apoyamos alianzas con distintas redes colaborativas para el potenciar desarrollo integral y equitativo de mujeres, colectivo diversidad, migrantes, personas con discapacidad, poblaciones rurales y originarias. Adherimos al C\u00f3digo de Conducta en Turismo para el cuidado de los derechos de ni\u00f1os, ni\u00f1as y adolescentes, velando por la lucha contra la explotaci\u00f3n sexual infantil, trata de personas y el delito de turismo para explotaci\u00f3n sexual. Adherimos a Sellos del Sistema Argentino de Calidad Tur\u00edstica: Igualdad y Directrices Ambientales, del Ministerio de Turismo y Deportes de la Naci\u00f3n Argentina.<span class=\"Apple-converted-space\">\u00a0<\/span><\/p><p class=\"p1\">Pol\u00edtica de Compromiso con la Sostenibilidad: Conocemos el potencial transformador y el impacto positivo del turismo sostenible, siendo la \u00fanica forma universal que aceptamos para ejercer nuestra profesi\u00f3n. Por ello asumimos el compromiso de promover acciones concretas para conservar y poner en valor el patrimonio cultural y natural, comprometernos con la ecoeficiencia de los servicios al mismo tiempo que hacemos nuestro aporte para mejorar la calidad de vida de las comunidades locales y sus desarrollos tur\u00edsticos. Nuestra pol\u00edtica sostenible refleja el compromiso con una gesti\u00f3n que se funda en el cuidado del ambiente, el bienestar social, la puesta en valor del territorio y la cultura, la transmisi\u00f3n de saberes y la satisfacci\u00f3n de quienes nos conf\u00edan sus viajes: Velamos por el cumplimiento de las legislaciones vigentes. Desarrollamos estrategias y acciones que contribuyan a minimizar impactos de cambio clim\u00e1tico y a reducir nuestra huella ambiental. Mejoramos continuamente nuestros procesos operativos, implementando buenas pr\u00e1cticas respecto de gestionar eficiente y responsablemente los recursos naturales. Reducimos al m\u00ednimo posible la generaci\u00f3n de residuos, trat\u00e1ndolos son responsabilidad. Compartimos oportunidades de capacitaci\u00f3n con el equipo de trabajo, con quienes nos compran y nos proveen, buscando ampliar la proactividad respecto del compromiso ambiental. Construimos una cultura integral para la sostenibilidad, fortaleciendo redes de trabajo, alianzas estrat\u00e9gicas y espacios de di\u00e1logo, para lograr la cooperaci\u00f3n entre diversos agentes de cambio. Asesoramos a quienes viajan respecto del cuidado de patrimonio natural, cultural, recursos, ambiente y gesti\u00f3n de residuos con nuestra \u201cGu\u00eda para Visitantes Responsables\u201d. Difundimos nuestras acciones y pol\u00edticas que promueven las mismas oportunidades para todas las personas, dentro y fuera de la organizaci\u00f3n, en busca de finalizar con las desigualdades que vulneran los derechos humanos. Adherimos al Manifiesto Ciudadano por los ODS de la Agenda 2030.<span class=\"Apple-converted-space\">\u00a0<\/span><\/p>\t\t\t\t\t<\/div>\n\t\t\t\t\t\t<\/div>\n\t\t\t\t<\/div>\n\t\t\t\t<div class=\"elementor-element elementor-element-0827b72 elementor-arrows-position-inside elementor-pagination-position-outside elementor-widget elementor-widget-image-carousel\" data-id=\"0827b72\" data-element_type=\"widget\" data-settings=\"{&quot;navigation&quot;:&quot;both&quot;,&quot;autoplay&quot;:&quot;yes&quot;,&quot;pause_on_hover&quot;:&quot;yes&quot;,&quot;pause_on_interaction&quot;:&quot;yes&quot;,&quot;autoplay_speed&quot;:5000,&quot;infinite&quot;:&quot;yes&quot;,&quot;speed&quot;:500}\" data-widget_type=\"image-carousel.default\">\n\t\t\t\t<div class=\"elementor-widget-container\">\n\t\t\t\t\t<div class=\"elementor-image-carousel-wrapper swiper-container\" dir=\"ltr\">\n\t\t\t<div class=\"elementor-image-carousel swiper-wrapper\">\n\t\t\t\t\t\t\t\t<div class=\"swiper-slide\"><figure class=\"swiper-slide-inner\"><img class=\"swiper-slide-image\" src=\"https:\/\/esenciar.com.ar\/wp-content\/uploads\/2020\/11\/Sello-WTTC-SafeTravels_NacionBA_LARGE.png\" alt=\"Safe Travels\" \/><\/figure><\/div><div class=\"swiper-slide\"><figure class=\"swiper-slide-inner\"><img class=\"swiper-slide-image\" src=\"https:\/\/esenciar.com.ar\/wp-content\/uploads\/2020\/11\/Sello-In-Support.jpg\" alt=\"Womens Empowerment Principles\" \/><\/figure><\/div><div class=\"swiper-slide\"><figure class=\"swiper-slide-inner\"><img class=\"swiper-slide-image\" src=\"https:\/\/esenciar.com.ar\/wp-content\/uploads\/2020\/11\/Sello-Empresa-Mujer-BA.jpg\" alt=\"Sello Empresa Mujer\" \/><\/figure><\/div><div class=\"swiper-slide\"><figure class=\"swiper-slide-inner\"><img class=\"swiper-slide-image\" src=\"https:\/\/esenciar.com.ar\/wp-content\/uploads\/2020\/11\/SELLO-WOMEN-OWNED.png\" alt=\"In Support Of de ONU Mujeres\" \/><\/figure><\/div><div class=\"swiper-slide\"><figure class=\"swiper-slide-inner\"><img class=\"swiper-slide-image\" src=\"https:\/\/esenciar.com.ar\/wp-content\/uploads\/2020\/11\/Sello-ODS.jpg\" alt=\"ODS\" \/><\/figure><\/div>\t\t\t<\/div>\n\t\t\t\t\t\t\t\t\t\t\t\t<div class=\"swiper-pagination\"><\/div>\n\t\t\t\t\t\t\t\t\t\t\t\t\t<div class=\"elementor-swiper-button elementor-swiper-button-prev\">\n\t\t\t\t\t\t<i aria-hidden=\"true\" class=\"eicon-chevron-left\"><\/i>\t\t\t\t\t\t<span class=\"elementor-screen-only\">Previous<\/span>\n\t\t\t\t\t<\/div>\n\t\t\t\t\t<div class=\"elementor-swiper-button elementor-swiper-button-next\">\n\t\t\t\t\t\t<i aria-hidden=\"true\" class=\"eicon-chevron-right\"><\/i>\t\t\t\t\t\t<span class=\"elementor-screen-only\">Next<\/span>\n\t\t\t\t\t<\/div>\n\t\t\t\t\t\t\t\t\t<\/div>\n\t\t\t\t<\/div>\n\t\t\t\t<\/div>\n\t\t\t\t<div class=\"elementor-element elementor-element-2f8b72c elementor-widget elementor-widget-heading\" data-id=\"2f8b72c\" data-element_type=\"widget\" data-widget_type=\"heading.default\">\n\t\t\t\t<div class=\"elementor-widget-container\">\n\t\t\t<h2 class=\"elementor-heading-title elementor-size-default\">Mission <\/h2>\t\t<\/div>\n\t\t\t\t<\/div>\n\t\t\t\t<div class=\"elementor-element elementor-element-6afc8e8 elementor-widget elementor-widget-text-editor\" data-id=\"6afc8e8\" data-element_type=\"widget\" data-widget_type=\"text-editor.default\">\n\t\t\t\t<div class=\"elementor-widget-container\">\n\t\t\t\t\t\t\t\t<div class=\"elementor-text-editor elementor-clearfix\">\n\t\t\t\t<p>Create an unique and original experiences of cultural improvement.<\/p>\t\t\t\t\t<\/div>\n\t\t\t\t\t\t<\/div>\n\t\t\t\t<\/div>\n\t\t\t\t<div class=\"elementor-element elementor-element-3d3944b elementor-widget elementor-widget-heading\" data-id=\"3d3944b\" data-element_type=\"widget\" data-widget_type=\"heading.default\">\n\t\t\t\t<div class=\"elementor-widget-container\">\n\t\t\t<h2 class=\"elementor-heading-title elementor-size-default\">Vision<\/h2>\t\t<\/div>\n\t\t\t\t<\/div>\n\t\t\t\t<div class=\"elementor-element elementor-element-35a82c1 elementor-widget elementor-widget-text-editor\" data-id=\"35a82c1\" data-element_type=\"widget\" data-widget_type=\"text-editor.default\">\n\t\t\t\t<div class=\"elementor-widget-container\">\n\t\t\t\t\t\t\t\t<div class=\"elementor-text-editor elementor-clearfix\">\n\t\t\t\t<p style=\"font-weight: 400;\">Join different cultures with respect for each identity. Keep ancestral and rural traditions alive. Provide sustainable and sustainable tools for the integral socio-cultural development of our communities.<\/p>\t\t\t\t\t<\/div>\n\t\t\t\t\t\t<\/div>\n\t\t\t\t<\/div>\n\t\t\t\t\t\t<\/div>\n\t\t\t\t\t<\/div>\n\t\t<\/div>\n\t\t\t\t\t\t\t\t<\/div>\n\t\t\t\t\t<\/div>\n\t\t<\/section>\n\t\t\t\t<section class=\"elementor-section elementor-top-section elementor-element elementor-element-bc6f909 elementor-section-boxed elementor-section-height-default elementor-section-height-default\" data-id=\"bc6f909\" data-element_type=\"section\">\n\t\t\t\t\t\t<div class=\"elementor-container elementor-column-gap-default\">\n\t\t\t\t\t\t\t<div class=\"elementor-row\">\n\t\t\t\t\t<div class=\"elementor-column elementor-col-100 elementor-top-column elementor-element elementor-element-ecfaaa9\" data-id=\"ecfaaa9\" data-element_type=\"column\">\n\t\t\t<div class=\"elementor-column-wrap elementor-element-populated\">\n\t\t\t\t\t\t\t<div class=\"elementor-widget-wrap\">\n\t\t\t\t\t\t<div class=\"elementor-element elementor-element-0f47e11 elementor-widget elementor-widget-heading\" data-id=\"0f47e11\" data-element_type=\"widget\" data-widget_type=\"heading.default\">\n\t\t\t\t<div class=\"elementor-widget-container\">\n\t\t\t<h2 class=\"elementor-heading-title elementor-size-default\">Our values<\/h2>\t\t<\/div>\n\t\t\t\t<\/div>\n\t\t\t\t<div class=\"elementor-element elementor-element-8ecbe1b elementor-tabs-view-horizontal elementor-invisible elementor-widget elementor-widget-tabs\" data-id=\"8ecbe1b\" data-element_type=\"widget\" data-settings=\"{&quot;_animation&quot;:&quot;fadeInUp&quot;}\" data-widget_type=\"tabs.default\">\n\t\t\t\t<div class=\"elementor-widget-container\">\n\t\t\t\t\t<div class=\"elementor-tabs\">\n\t\t\t<div class=\"elementor-tabs-wrapper\" role=\"tablist\" >\n\t\t\t\t\t\t\t\t\t<div id=\"elementor-tab-title-1491\" class=\"elementor-tab-title elementor-tab-desktop-title\" aria-selected=\"true\" data-tab=\"1\" role=\"tab\" tabindex=\"0\" aria-controls=\"elementor-tab-content-1491\" aria-expanded=\"false\"><a href=\"\">Respect<\/a><\/div>\n\t\t\t\t\t\t\t\t\t<div id=\"elementor-tab-title-1492\" class=\"elementor-tab-title elementor-tab-desktop-title\" aria-selected=\"false\" data-tab=\"2\" role=\"tab\" tabindex=\"-1\" aria-controls=\"elementor-tab-content-1492\" aria-expanded=\"false\"><a href=\"\">Diversity<\/a><\/div>\n\t\t\t\t\t\t\t\t\t<div id=\"elementor-tab-title-1493\" class=\"elementor-tab-title elementor-tab-desktop-title\" aria-selected=\"false\" data-tab=\"3\" role=\"tab\" tabindex=\"-1\" aria-controls=\"elementor-tab-content-1493\" aria-expanded=\"false\"><a href=\"\">Inclusion<\/a><\/div>\n\t\t\t\t\t\t\t\t\t<div id=\"elementor-tab-title-1494\" class=\"elementor-tab-title elementor-tab-desktop-title\" aria-selected=\"false\" data-tab=\"4\" role=\"tab\" tabindex=\"-1\" aria-controls=\"elementor-tab-content-1494\" aria-expanded=\"false\"><a href=\"\">Quality<\/a><\/div>\n\t\t\t\t\t\t\t\t\t<div id=\"elementor-tab-title-1495\" class=\"elementor-tab-title elementor-tab-desktop-title\" aria-selected=\"false\" data-tab=\"5\" role=\"tab\" tabindex=\"-1\" aria-controls=\"elementor-tab-content-1495\" aria-expanded=\"false\"><a href=\"\">Passion<\/a><\/div>\n\t\t\t\t\t\t\t\t\t<div id=\"elementor-tab-title-1496\" class=\"elementor-tab-title elementor-tab-desktop-title\" aria-selected=\"false\" data-tab=\"6\" role=\"tab\" tabindex=\"-1\" aria-controls=\"elementor-tab-content-1496\" aria-expanded=\"false\"><a href=\"\">Collaboration<\/a><\/div>\n\t\t\t\t\t\t\t\t\t<div id=\"elementor-tab-title-1497\" class=\"elementor-tab-title elementor-tab-desktop-title\" aria-selected=\"false\" data-tab=\"7\" role=\"tab\" tabindex=\"-1\" aria-controls=\"elementor-tab-content-1497\" aria-expanded=\"false\"><a href=\"\">Empathy<\/a><\/div>\n\t\t\t\t\t\t\t\t\t<div id=\"elementor-tab-title-1498\" class=\"elementor-tab-title elementor-tab-desktop-title\" aria-selected=\"false\" data-tab=\"8\" role=\"tab\" tabindex=\"-1\" aria-controls=\"elementor-tab-content-1498\" aria-expanded=\"false\"><a href=\"\">Integrity<\/a><\/div>\n\t\t\t\t\t\t\t<\/div>\n\t\t\t<div class=\"elementor-tabs-content-wrapper\" role=\"tablist\" aria-orientation=\"vertical\">\n\t\t\t\t\t\t\t\t\t<div class=\"elementor-tab-title elementor-tab-mobile-title\" aria-selected=\"true\" data-tab=\"1\" role=\"tab\" tabindex=\"0\" aria-controls=\"elementor-tab-content-1491\" aria-expanded=\"false\">Respect<\/div>\n\t\t\t\t\t<div id=\"elementor-tab-content-1491\" class=\"elementor-tab-content elementor-clearfix\" data-tab=\"1\" role=\"tabpanel\" aria-labelledby=\"elementor-tab-title-1491\" tabindex=\"0\" hidden=\"false\"><p>Respect for each member that is part of the experience.<\/p><\/div>\n\t\t\t\t\t\t\t\t\t<div class=\"elementor-tab-title elementor-tab-mobile-title\" aria-selected=\"false\" data-tab=\"2\" role=\"tab\" tabindex=\"-1\" aria-controls=\"elementor-tab-content-1492\" aria-expanded=\"false\">Diversity<\/div>\n\t\t\t\t\t<div id=\"elementor-tab-content-1492\" class=\"elementor-tab-content elementor-clearfix\" data-tab=\"2\" role=\"tabpanel\" aria-labelledby=\"elementor-tab-title-1492\" tabindex=\"0\" hidden=\"hidden\"><p>Diversity of options for each visitor.<\/p><\/div>\n\t\t\t\t\t\t\t\t\t<div class=\"elementor-tab-title elementor-tab-mobile-title\" aria-selected=\"false\" data-tab=\"3\" role=\"tab\" tabindex=\"-1\" aria-controls=\"elementor-tab-content-1493\" aria-expanded=\"false\">Inclusion<\/div>\n\t\t\t\t\t<div id=\"elementor-tab-content-1493\" class=\"elementor-tab-content elementor-clearfix\" data-tab=\"3\" role=\"tabpanel\" aria-labelledby=\"elementor-tab-title-1493\" tabindex=\"0\" hidden=\"hidden\"><p>Inclusion of all the native and rural communities that want it.<\/p><\/div>\n\t\t\t\t\t\t\t\t\t<div class=\"elementor-tab-title elementor-tab-mobile-title\" aria-selected=\"false\" data-tab=\"4\" role=\"tab\" tabindex=\"-1\" aria-controls=\"elementor-tab-content-1494\" aria-expanded=\"false\">Quality<\/div>\n\t\t\t\t\t<div id=\"elementor-tab-content-1494\" class=\"elementor-tab-content elementor-clearfix\" data-tab=\"4\" role=\"tabpanel\" aria-labelledby=\"elementor-tab-title-1494\" tabindex=\"0\" hidden=\"hidden\"><p>Quality looking for the highest possible excellence.<\/p><\/div>\n\t\t\t\t\t\t\t\t\t<div class=\"elementor-tab-title elementor-tab-mobile-title\" aria-selected=\"false\" data-tab=\"5\" role=\"tab\" tabindex=\"-1\" aria-controls=\"elementor-tab-content-1495\" aria-expanded=\"false\">Passion<\/div>\n\t\t\t\t\t<div id=\"elementor-tab-content-1495\" class=\"elementor-tab-content elementor-clearfix\" data-tab=\"5\" role=\"tabpanel\" aria-labelledby=\"elementor-tab-title-1495\" tabindex=\"0\" hidden=\"hidden\"><p>Passion in all the things we undertake.<\/p><\/div>\n\t\t\t\t\t\t\t\t\t<div class=\"elementor-tab-title elementor-tab-mobile-title\" aria-selected=\"false\" data-tab=\"6\" role=\"tab\" tabindex=\"-1\" aria-controls=\"elementor-tab-content-1496\" aria-expanded=\"false\">Collaboration<\/div>\n\t\t\t\t\t<div id=\"elementor-tab-content-1496\" class=\"elementor-tab-content elementor-clearfix\" data-tab=\"6\" role=\"tabpanel\" aria-labelledby=\"elementor-tab-title-1496\" tabindex=\"0\" hidden=\"hidden\"><p>Collaboration to enhance collective talent.<\/p><\/div>\n\t\t\t\t\t\t\t\t\t<div class=\"elementor-tab-title elementor-tab-mobile-title\" aria-selected=\"false\" data-tab=\"7\" role=\"tab\" tabindex=\"-1\" aria-controls=\"elementor-tab-content-1497\" aria-expanded=\"false\">Empathy<\/div>\n\t\t\t\t\t<div id=\"elementor-tab-content-1497\" class=\"elementor-tab-content elementor-clearfix\" data-tab=\"7\" role=\"tabpanel\" aria-labelledby=\"elementor-tab-title-1497\" tabindex=\"0\" hidden=\"hidden\"><p>Empathy to be understanding with all our brothers.<\/p><\/div>\n\t\t\t\t\t\t\t\t\t<div class=\"elementor-tab-title elementor-tab-mobile-title\" aria-selected=\"false\" data-tab=\"8\" role=\"tab\" tabindex=\"-1\" aria-controls=\"elementor-tab-content-1498\" aria-expanded=\"false\">Integrity<\/div>\n\t\t\t\t\t<div id=\"elementor-tab-content-1498\" class=\"elementor-tab-content elementor-clearfix\" data-tab=\"8\" role=\"tabpanel\" aria-labelledby=\"elementor-tab-title-1498\" tabindex=\"0\" hidden=\"hidden\"><p>Be transparent.<\/p><\/div>\n\t\t\t\t\t\t\t<\/div>\n\t\t<\/div>\n\t\t\t\t<\/div>\n\t\t\t\t<\/div>\n\t\t\t\t\t\t<\/div>\n\t\t\t\t\t<\/div>\n\t\t<\/div>\n\t\t\t\t\t\t\t\t<\/div>\n\t\t\t\t\t<\/div>\n\t\t<\/section>\n\t\t\t\t\t\t\t\t\t<\/div>\n\t\t\t<\/div>\n\t\t\t\t\t<\/div>","protected":false},"excerpt":{"rendered":"<p>Programa de turismo sustentable para impulsar el desarrollo integral de pueblos originarios y comunidades rurales. Organizamos jornadas de intercambio cultural &#8230; <\/p>\n<p class=\"read-more-container\"><a title=\"About us?\" class=\"read-more button\" href=\"https:\/\/esenciar.com.ar\/en\/quienes-somos\/#more-796\" aria-label=\"More on \u00bfQui\u00e9nes somos?\">See More<\/a><\/p>","protected":false},"author":1,"featured_media":0,"parent":0,"menu_order":0,"comment_status":"closed","ping_status":"closed","template":"","meta":[],"yoast_head":"<!-- This site is optimized with the Yoast SEO plugin v15.3 - https:\/\/yoast.com\/wordpress\/plugins\/seo\/ -->\n<title>\u00bfQui\u00e9nes somos? &raquo; EsenciAr<\/title>\n<meta name=\"robots\" content=\"index, follow, max-snippet:-1, max-image-preview:large, max-video-preview:-1\" \/>\n<link rel=\"canonical\" href=\"https:\/\/esenciar.com.ar\/en\/quienes-somos\/\" \/>\n<meta property=\"og:locale\" content=\"en_GB\" \/>\n<meta property=\"og:type\" content=\"article\" \/>\n<meta property=\"og:title\" content=\"\u00bfQui\u00e9nes somos? &raquo; EsenciAr\" \/>\n<meta property=\"og:description\" content=\"Programa de turismo sustentable para impulsar el desarrollo integral de pueblos originarios y comunidades rurales. Organizamos jornadas de intercambio cultural ... Ver M\u00e1s\" \/>\n<meta property=\"og:url\" content=\"https:\/\/esenciar.com.ar\/en\/quienes-somos\/\" \/>\n<meta property=\"og:site_name\" content=\"EsenciAr\" \/>\n<meta property=\"article:publisher\" content=\"https:\/\/www.facebook.com\/EsenciArTurismo\/\" \/>\n<meta property=\"article:modified_time\" content=\"2022-09-30T18:42:09+00:00\" \/>\n<meta property=\"og:image\" content=\"https:\/\/esenciar.com.ar\/wp-content\/uploads\/2020\/11\/Sello-WTTC-SafeTravels_NacionBA_LARGE.png\" \/>\n<meta name=\"twitter:card\" content=\"summary_large_image\" \/>\n<meta name=\"twitter:label1\" content=\"Written by\">\n\t<meta name=\"twitter:data1\" content=\"mjofre\">\n\t<meta name=\"twitter:label2\" content=\"Estimated reading time\">\n\t<meta name=\"twitter:data2\" content=\"4 minutes\">\n<script type=\"application\/ld+json\" class=\"yoast-schema-graph\">{\"@context\":\"https:\/\/schema.org\",\"@graph\":[{\"@type\":\"Organization\",\"@id\":\"https:\/\/esenciar.com.ar\/#organization\",\"name\":\"ESENCIAR\",\"url\":\"https:\/\/esenciar.com.ar\/\",\"sameAs\":[\"https:\/\/www.facebook.com\/EsenciArTurismo\/\",\"https:\/\/www.instagram.com\/esenci_ar\/\"],\"logo\":{\"@type\":\"ImageObject\",\"@id\":\"https:\/\/esenciar.com.ar\/#logo\",\"inLanguage\":\"en-GB\",\"url\":\"https:\/\/esenciar.com.ar\/wp-content\/uploads\/2020\/01\/esenciar_logo-03.svg\",\"caption\":\"ESENCIAR\"},\"image\":{\"@id\":\"https:\/\/esenciar.com.ar\/#logo\"}},{\"@type\":\"WebSite\",\"@id\":\"https:\/\/esenciar.com.ar\/#website\",\"url\":\"https:\/\/esenciar.com.ar\/\",\"name\":\"EsenciAr\",\"description\":\"Turismo gastron\\u00f3mico junto a los pueblos originarios de la Argentina\",\"publisher\":{\"@id\":\"https:\/\/esenciar.com.ar\/#organization\"},\"potentialAction\":[{\"@type\":\"SearchAction\",\"target\":\"https:\/\/esenciar.com.ar\/?s={search_term_string}\",\"query-input\":\"required name=search_term_string\"}],\"inLanguage\":\"en-GB\"},{\"@type\":\"ImageObject\",\"@id\":\"https:\/\/esenciar.com.ar\/quienes-somos\/#primaryimage\",\"inLanguage\":\"en-GB\",\"url\":\"https:\/\/esenciar.com.ar\/wp-content\/uploads\/2020\/11\/Sello-WTTC-SafeTravels_NacionBA_LARGE.png\",\"width\":1444,\"height\":1157,\"caption\":\"Safe Travels\"},{\"@type\":\"WebPage\",\"@id\":\"https:\/\/esenciar.com.ar\/quienes-somos\/#webpage\",\"url\":\"https:\/\/esenciar.com.ar\/quienes-somos\/\",\"name\":\"\\u00bfQui\\u00e9nes somos? &raquo; EsenciAr\",\"isPartOf\":{\"@id\":\"https:\/\/esenciar.com.ar\/#website\"},\"primaryImageOfPage\":{\"@id\":\"https:\/\/esenciar.com.ar\/quienes-somos\/#primaryimage\"},\"datePublished\":\"2020-01-09T17:32:35+00:00\",\"dateModified\":\"2022-09-30T18:42:09+00:00\",\"inLanguage\":\"en-GB\",\"potentialAction\":[{\"@type\":\"ReadAction\",\"target\":[\"https:\/\/esenciar.com.ar\/quienes-somos\/\"]}]}]}<\/script>\n<!-- \/ Yoast SEO plugin. -->","_links":{"self":[{"href":"https:\/\/esenciar.com.ar\/en\/wp-json\/wp\/v2\/pages\/796"}],"collection":[{"href":"https:\/\/esenciar.com.ar\/en\/wp-json\/wp\/v2\/pages"}],"about":[{"href":"https:\/\/esenciar.com.ar\/en\/wp-json\/wp\/v2\/types\/page"}],"author":[{"embeddable":true,"href":"https:\/\/esenciar.com.ar\/en\/wp-json\/wp\/v2\/users\/1"}],"replies":[{"embeddable":true,"href":"https:\/\/esenciar.com.ar\/en\/wp-json\/wp\/v2\/comments?post=796"}],"version-history":[{"count":40,"href":"https:\/\/esenciar.com.ar\/en\/wp-json\/wp\/v2\/pages\/796\/revisions"}],"predecessor-version":[{"id":1749,"href":"https:\/\/esenciar.com.ar\/en\/wp-json\/wp\/v2\/pages\/796\/revisions\/1749"}],"wp:attachment":[{"href":"https:\/\/esenciar.com.ar\/en\/wp-json\/wp\/v2\/media?parent=796"}],"curies":[{"name":"wp","href":"https:\/\/api.w.org\/{rel}","templated":true}]}}