{"id":7,"date":"2018-02-16T19:48:32","date_gmt":"2018-02-17T00:48:32","guid":{"rendered":"https:\/\/gpstartersites.com\/artisan\/?page_id=7"},"modified":"2020-07-28T01:46:47","modified_gmt":"2020-07-28T01:46:47","slug":"turismo-comunidades-rurales","status":"publish","type":"page","link":"https:\/\/esenciar.com.ar\/en\/","title":{"rendered":"inicio"},"content":{"rendered":"<div data-elementor-type=\"wp-page\" data-elementor-id=\"7\" class=\"elementor elementor-7\">\n\t\t\t\t\t\t<div class=\"elementor-inner\">\n\t\t\t\t<div class=\"elementor-section-wrap\">\n\t\t\t\t\t\t\t\t\t<section class=\"elementor-section elementor-top-section elementor-element elementor-element-74ac066a elementor-section-boxed elementor-section-height-default elementor-section-height-default\" data-id=\"74ac066a\" data-element_type=\"section\" data-settings=\"{&quot;background_background&quot;:&quot;classic&quot;}\">\n\t\t\t\t\t\t<div class=\"elementor-container elementor-column-gap-default\">\n\t\t\t\t\t\t\t<div class=\"elementor-row\">\n\t\t\t\t\t<div class=\"elementor-column elementor-col-100 elementor-top-column elementor-element elementor-element-15178b8d\" data-id=\"15178b8d\" data-element_type=\"column\">\n\t\t\t<div class=\"elementor-column-wrap elementor-element-populated\">\n\t\t\t\t\t\t\t<div class=\"elementor-widget-wrap\">\n\t\t\t\t\t\t<div class=\"elementor-element elementor-element-51373117 elementor-widget elementor-widget-text-editor\" data-id=\"51373117\" data-element_type=\"widget\" data-widget_type=\"text-editor.default\">\n\t\t\t\t<div class=\"elementor-widget-container\">\n\t\t\t\t\t\t\t\t<div class=\"elementor-text-editor elementor-clearfix\">\n\t\t\t\t<div class=\"home-intro\" style=\"text-align: center;\"><h2 class=\" translation-block\">Do you want to share an unique experience with our native peoples and rural communities?<\/h2><p class=\" translation-block\">EsenciAr we propose you to live experiences in different amazing regions of our Pachamama where our native peoples and rural communities live.<\/p><\/div>\t\t\t\t\t<\/div>\n\t\t\t\t\t\t<\/div>\n\t\t\t\t<\/div>\n\t\t\t\t<div class=\"elementor-element elementor-element-dc3ab3f elementor-arrows-position-inside elementor-pagination-position-outside elementor-invisible elementor-widget elementor-widget-image-carousel\" data-id=\"dc3ab3f\" data-element_type=\"widget\" data-settings=\"{&quot;slides_to_show&quot;:&quot;4&quot;,&quot;slides_to_scroll&quot;:&quot;4&quot;,&quot;image_spacing_custom&quot;:{&quot;unit&quot;:&quot;px&quot;,&quot;size&quot;:0,&quot;sizes&quot;:[]},&quot;_animation&quot;:&quot;fadeIn&quot;,&quot;navigation&quot;:&quot;both&quot;,&quot;autoplay&quot;:&quot;yes&quot;,&quot;pause_on_hover&quot;:&quot;yes&quot;,&quot;pause_on_interaction&quot;:&quot;yes&quot;,&quot;autoplay_speed&quot;:5000,&quot;infinite&quot;:&quot;yes&quot;,&quot;speed&quot;:500}\" data-widget_type=\"image-carousel.default\">\n\t\t\t\t<div class=\"elementor-widget-container\">\n\t\t\t\t\t<div class=\"elementor-image-carousel-wrapper swiper-container\" dir=\"ltr\">\n\t\t\t<div class=\"elementor-image-carousel swiper-wrapper\">\n\t\t\t\t\t\t\t\t<div class=\"swiper-slide\"><a data-elementor-open-lightbox=\"yes\" data-elementor-lightbox-slideshow=\"dc3ab3f\" data-elementor-lightbox-title=\"valle2\" data-elementor-lightbox-description=\"Tucum\u00e1n, Turismo Rural Amaicha del Valle II\" e-action-hash=\"#elementor-action%3Aaction%3Dlightbox%26settings%3DeyJpZCI6MTE0NCwidXJsIjoiaHR0cHM6XC9cL2VzZW5jaWFyLmNvbS5hclwvd3AtY29udGVudFwvdXBsb2Fkc1wvMjAyMFwvMDFcL3ZhbGxlMi5qcGciLCJzbGlkZXNob3ciOiJkYzNhYjNmIn0%3D\" href=\"https:\/\/esenciar.com.ar\/en\/experiencias\/\"><figure class=\"swiper-slide-inner\"><img class=\"swiper-slide-image\" src=\"https:\/\/esenciar.com.ar\/wp-content\/uploads\/2020\/01\/valle2-300x300.jpg\" alt=\"Tucum\u00e1n \u2013 Turismo Rural Amaicha del Valle II\" \/><figcaption class=\"elementor-image-carousel-caption\">TUCUMAN, RURAL TOURISM AMAICHA DEL VALLE II<\/figcaption><\/figure><\/a><\/div><div class=\"swiper-slide\"><a data-elementor-open-lightbox=\"yes\" data-elementor-lightbox-slideshow=\"dc3ab3f\" data-elementor-lightbox-title=\"amaicha\" data-elementor-lightbox-description=\"Tucum\u00e1n, Turismo Rural Amaicha del Valle I\" e-action-hash=\"#elementor-action%3Aaction%3Dlightbox%26settings%3DeyJpZCI6MTE0MCwidXJsIjoiaHR0cHM6XC9cL2VzZW5jaWFyLmNvbS5hclwvd3AtY29udGVudFwvdXBsb2Fkc1wvMjAyMFwvMDFcL2FtYWljaGEuanBnIiwic2xpZGVzaG93IjoiZGMzYWIzZiJ9\" href=\"https:\/\/esenciar.com.ar\/en\/experiencias\/\"><figure class=\"swiper-slide-inner\"><img class=\"swiper-slide-image\" src=\"https:\/\/esenciar.com.ar\/wp-content\/uploads\/2020\/01\/amaicha-300x300.jpg\" alt=\"Tucum\u00e1n \u2013 Turismo Rural Amaicha del Valle I\" \/><figcaption class=\"elementor-image-carousel-caption\">TUCUMAN, RURAL TOURISM AMAICHA DEL VALLE I:<\/figcaption><\/figure><\/a><\/div><div class=\"swiper-slide\"><a data-elementor-open-lightbox=\"yes\" data-elementor-lightbox-slideshow=\"dc3ab3f\" data-elementor-lightbox-title=\"yariguarenda\" data-elementor-lightbox-description=\"Tartagal ,Comunidades Rurales Guaran\u00edes\" e-action-hash=\"#elementor-action%3Aaction%3Dlightbox%26settings%3DeyJpZCI6MTEyNCwidXJsIjoiaHR0cHM6XC9cL2VzZW5jaWFyLmNvbS5hclwvd3AtY29udGVudFwvdXBsb2Fkc1wvMjAyMFwvMDFcL3lhcmlndWFyZW5kYS5qcGciLCJzbGlkZXNob3ciOiJkYzNhYjNmIn0%3D\" href=\"https:\/\/esenciar.com.ar\/en\/experiencias\/\"><figure class=\"swiper-slide-inner\"><img class=\"swiper-slide-image\" src=\"https:\/\/esenciar.com.ar\/wp-content\/uploads\/2020\/01\/yariguarenda-300x300.jpg\" alt=\"Mujer Tejiendo Canastos\" \/><figcaption class=\"elementor-image-carousel-caption\">TARTAGAL, \u200b\u200bGUARAN\u00cd RURAL COMMUNITIES:<\/figcaption><\/figure><\/a><\/div><div class=\"swiper-slide\"><a data-elementor-open-lightbox=\"yes\" data-elementor-lightbox-slideshow=\"dc3ab3f\" data-elementor-lightbox-title=\"horneaditas\" data-elementor-lightbox-description=\"Jujuy, Comunidad Diaguita de Hornaditas\" e-action-hash=\"#elementor-action%3Aaction%3Dlightbox%26settings%3DeyJpZCI6MTEwNCwidXJsIjoiaHR0cHM6XC9cL2VzZW5jaWFyLmNvbS5hclwvd3AtY29udGVudFwvdXBsb2Fkc1wvMjAyMFwvMDFcL2hvcm5lYWRpdGFzLnBuZyIsInNsaWRlc2hvdyI6ImRjM2FiM2YifQ%3D%3D\" href=\"https:\/\/esenciar.com.ar\/en\/experiencias\/\"><figure class=\"swiper-slide-inner\"><img class=\"swiper-slide-image\" src=\"https:\/\/esenciar.com.ar\/wp-content\/uploads\/2020\/01\/horneaditas-300x300.png\" alt=\"Jujuy \u2013 Comunidad Diaguita de Hornaditas\" \/><figcaption class=\"elementor-image-carousel-caption\">JUJUY, DIAGUITA DE HORNADITAS COMMUNITY<\/figcaption><\/figure><\/a><\/div><div class=\"swiper-slide\"><a data-elementor-open-lightbox=\"yes\" data-elementor-lightbox-slideshow=\"dc3ab3f\" data-elementor-lightbox-title=\"Virgen de Aicu\u00f1a\" data-elementor-lightbox-description=\"La Rioja, Aicu\u00f1a Turismo comunitario Rural\" e-action-hash=\"#elementor-action%3Aaction%3Dlightbox%26settings%3DeyJpZCI6MTA5OSwidXJsIjoiaHR0cHM6XC9cL2VzZW5jaWFyLmNvbS5hclwvd3AtY29udGVudFwvdXBsb2Fkc1wvMjAxOFwvMDJcL1Npbi10XHUwMGVkdHVsby0xLnBuZyIsInNsaWRlc2hvdyI6ImRjM2FiM2YifQ%3D%3D\" href=\"https:\/\/esenciar.com.ar\/en\/experiencias\/\"><figure class=\"swiper-slide-inner\"><img class=\"swiper-slide-image\" src=\"https:\/\/esenciar.com.ar\/wp-content\/uploads\/2018\/02\/Sin-t\u00edtulo-1-300x300.png\" alt=\"Virgen de Aicu\u00f1a\" \/><figcaption class=\"elementor-image-carousel-caption\">Aicu\u00f1a Rural Tourism, La Rioja<\/figcaption><\/figure><\/a><\/div><div class=\"swiper-slide\"><a data-elementor-open-lightbox=\"yes\" data-elementor-lightbox-slideshow=\"dc3ab3f\" data-elementor-lightbox-title=\"catamarca_belen\" data-elementor-lightbox-description=\"Catamarca, Comunidad Diaguita y Ruinas del Shincal\" e-action-hash=\"#elementor-action%3Aaction%3Dlightbox%26settings%3DeyJpZCI6MTA4MCwidXJsIjoiaHR0cHM6XC9cL2VzZW5jaWFyLmNvbS5hclwvd3AtY29udGVudFwvdXBsb2Fkc1wvMjAyMFwvMDFcL2NhdGFtYXJjYV9iZWxlbi5wbmciLCJzbGlkZXNob3ciOiJkYzNhYjNmIn0%3D\" href=\"https:\/\/esenciar.com.ar\/en\/experiencias\/\"><figure class=\"swiper-slide-inner\"><img class=\"swiper-slide-image\" src=\"https:\/\/esenciar.com.ar\/wp-content\/uploads\/2020\/01\/catamarca_belen-300x300.png\" alt=\"Catamarca \u2013 Comunidad Diaguita y Ruinas del Shincal\" \/><figcaption class=\"elementor-image-carousel-caption\">CATAMARCA, DIAGUITA COMMUNITY AND SHINCAL RUINS<\/figcaption><\/figure><\/a><\/div><div class=\"swiper-slide\"><a data-elementor-open-lightbox=\"yes\" data-elementor-lightbox-slideshow=\"dc3ab3f\" data-elementor-lightbox-title=\"Diaguita\" data-elementor-lightbox-description=\"San Carlos, Comunidad Rural Diaguita\" e-action-hash=\"#elementor-action%3Aaction%3Dlightbox%26settings%3DeyJpZCI6MTA2NywidXJsIjoiaHR0cHM6XC9cL2VzZW5jaWFyLmNvbS5hclwvd3AtY29udGVudFwvdXBsb2Fkc1wvMjAyMFwvMDFcL0RpYWd1aXRhLnBuZyIsInNsaWRlc2hvdyI6ImRjM2FiM2YifQ%3D%3D\" href=\"https:\/\/esenciar.com.ar\/en\/experiencias\/\"><figure class=\"swiper-slide-inner\"><img class=\"swiper-slide-image\" src=\"https:\/\/esenciar.com.ar\/wp-content\/uploads\/2020\/01\/Diaguita-300x300.png\" alt=\"Salta (San Carlos) \u2013 Comunidad Rural Diaguita\" \/><figcaption class=\"elementor-image-carousel-caption\">SALTA, DIAGUITA RURAL COMMUNITY<\/figcaption><\/figure><\/a><\/div><div class=\"swiper-slide\"><a data-elementor-open-lightbox=\"yes\" data-elementor-lightbox-slideshow=\"dc3ab3f\" data-elementor-lightbox-title=\"Misiones\" data-elementor-lightbox-description=\"Iguaz\u00fa, Comunidad Guaran\u00ed Yasi Por\u00e1\" e-action-hash=\"#elementor-action%3Aaction%3Dlightbox%26settings%3DeyJpZCI6MTA0NSwidXJsIjoiaHR0cHM6XC9cL2VzZW5jaWFyLmNvbS5hclwvd3AtY29udGVudFwvdXBsb2Fkc1wvMjAyMFwvMDFcL01pc2lvbmVzLnBuZyIsInNsaWRlc2hvdyI6ImRjM2FiM2YifQ%3D%3D\" href=\"https:\/\/esenciar.com.ar\/en\/experiencias\/\"><figure class=\"swiper-slide-inner\"><img class=\"swiper-slide-image\" src=\"https:\/\/esenciar.com.ar\/wp-content\/uploads\/2020\/01\/Misiones-300x300.png\" alt=\"Cataratas del iguaz\u00fa\" \/><figcaption class=\"elementor-image-carousel-caption\">IGUAZ\u00da, GUARAN\u00cd YASI POR\u00c1 COMMUNITY<\/figcaption><\/figure><\/a><\/div><div class=\"swiper-slide\"><a data-elementor-open-lightbox=\"yes\" data-elementor-lightbox-slideshow=\"dc3ab3f\" data-elementor-lightbox-title=\"kakan\" data-elementor-lightbox-description=\"La rioja, Comunidad Kakan Diaguita\" e-action-hash=\"#elementor-action%3Aaction%3Dlightbox%26settings%3DeyJpZCI6MTM4OCwidXJsIjoiaHR0cHM6XC9cL2VzZW5jaWFyLmNvbS5hclwvd3AtY29udGVudFwvdXBsb2Fkc1wvMjAyMFwvMDFcL2tha2FuLnBuZyIsInNsaWRlc2hvdyI6ImRjM2FiM2YifQ%3D%3D\" href=\"https:\/\/esenciar.com.ar\/en\/experiencias\/\"><figure class=\"swiper-slide-inner\"><img class=\"swiper-slide-image\" src=\"https:\/\/esenciar.com.ar\/wp-content\/uploads\/2020\/01\/kakan-300x300.png\" alt=\"La rioja, Comunidad Kakan Diaguita\" \/><figcaption class=\"elementor-image-carousel-caption\">LA RIOJA, KAKAN DIAGUITA COMMUNITY<\/figcaption><\/figure><\/a><\/div><div class=\"swiper-slide\"><a data-elementor-open-lightbox=\"yes\" data-elementor-lightbox-slideshow=\"dc3ab3f\" data-elementor-lightbox-title=\"termas\" data-elementor-lightbox-description=\"Termas de R\u00edo Hondo, Comunidad Rural Pozo del Arbolito\" e-action-hash=\"#elementor-action%3Aaction%3Dlightbox%26settings%3DeyJpZCI6MTM3NiwidXJsIjoiaHR0cHM6XC9cL2VzZW5jaWFyLmNvbS5hclwvd3AtY29udGVudFwvdXBsb2Fkc1wvMjAyMFwvMDFcL3Rlcm1hcy5wbmciLCJzbGlkZXNob3ciOiJkYzNhYjNmIn0%3D\" href=\"https:\/\/esenciar.com.ar\/en\/experiencias\/\"><figure class=\"swiper-slide-inner\"><img class=\"swiper-slide-image\" src=\"https:\/\/esenciar.com.ar\/wp-content\/uploads\/2020\/01\/termas-300x300.png\" alt=\"Termas de R\u00edo Hondo, Comunidad Rural Pozo del Arbolito\" \/><figcaption class=\"elementor-image-carousel-caption\">TERMAS DEL RIO HONDO, POZO DEL ARBOLITO COMMUNITY:<\/figcaption><\/figure><\/a><\/div><div class=\"swiper-slide\"><a data-elementor-open-lightbox=\"yes\" data-elementor-lightbox-slideshow=\"dc3ab3f\" data-elementor-lightbox-title=\"Jujuy, Comunidad Omaguaca Ocumazo\" data-elementor-lightbox-description=\"Jujuy, Comunidad Omaguaca Ocumazo\" e-action-hash=\"#elementor-action%3Aaction%3Dlightbox%26settings%3DeyJpZCI6MTQyOCwidXJsIjoiaHR0cHM6XC9cL2VzZW5jaWFyLmNvbS5hclwvd3AtY29udGVudFwvdXBsb2Fkc1wvMjAyMFwvMDFcL1Npbi10XHUwMGVkdHVsby0xLnBuZyIsInNsaWRlc2hvdyI6ImRjM2FiM2YifQ%3D%3D\" href=\"https:\/\/esenciar.com.ar\/en\/experiencias\/\"><figure class=\"swiper-slide-inner\"><img class=\"swiper-slide-image\" src=\"https:\/\/esenciar.com.ar\/wp-content\/uploads\/2020\/01\/Sin-t\u00edtulo-1-300x300.png\" alt=\"Jujuy, Comunidad Omaguaca Ocumazo\" \/><figcaption class=\"elementor-image-carousel-caption\">JUJUY, OMAGUACA OCUMAZO COMMUNITY:<\/figcaption><\/figure><\/a><\/div>\t\t\t<\/div>\n\t\t\t\t\t\t\t\t\t\t\t\t<div class=\"swiper-pagination\"><\/div>\n\t\t\t\t\t\t\t\t\t\t\t\t\t<div class=\"elementor-swiper-button elementor-swiper-button-prev\">\n\t\t\t\t\t\t<i aria-hidden=\"true\" class=\"eicon-chevron-left\"><\/i>\t\t\t\t\t\t<span class=\"elementor-screen-only\">Previous<\/span>\n\t\t\t\t\t<\/div>\n\t\t\t\t\t<div class=\"elementor-swiper-button elementor-swiper-button-next\">\n\t\t\t\t\t\t<i aria-hidden=\"true\" class=\"eicon-chevron-right\"><\/i>\t\t\t\t\t\t<span class=\"elementor-screen-only\">Next<\/span>\n\t\t\t\t\t<\/div>\n\t\t\t\t\t\t\t\t\t<\/div>\n\t\t\t\t<\/div>\n\t\t\t\t<\/div>\n\t\t\t\t<div class=\"elementor-element elementor-element-d062b8f elementor-align-center elementor-widget elementor-widget-button\" data-id=\"d062b8f\" data-element_type=\"widget\" data-widget_type=\"button.default\">\n\t\t\t\t<div class=\"elementor-widget-container\">\n\t\t\t\t\t<div class=\"elementor-button-wrapper\">\n\t\t\t<a href=\"https:\/\/esenciar.com.ar\/en\/experiencias\/\" class=\"elementor-button-link elementor-button elementor-size-sm\" role=\"button\">\n\t\t\t\t\t\t<span class=\"elementor-button-content-wrapper\">\n\t\t\t\t\t\t<span class=\"elementor-button-text\">Click here to know our proposals <\/span>\n\t\t<\/span>\n\t\t\t\t\t<\/a>\n\t\t<\/div>\n\t\t\t\t<\/div>\n\t\t\t\t<\/div>\n\t\t\t\t<div class=\"elementor-element elementor-element-3e8f77d elementor-widget elementor-widget-spacer\" data-id=\"3e8f77d\" data-element_type=\"widget\" data-widget_type=\"spacer.default\">\n\t\t\t\t<div class=\"elementor-widget-container\">\n\t\t\t\t\t<div class=\"elementor-spacer\">\n\t\t\t<div class=\"elementor-spacer-inner\"><\/div>\n\t\t<\/div>\n\t\t\t\t<\/div>\n\t\t\t\t<\/div>\n\t\t\t\t\t\t<\/div>\n\t\t\t\t\t<\/div>\n\t\t<\/div>\n\t\t\t\t\t\t\t\t<\/div>\n\t\t\t\t\t<\/div>\n\t\t<\/section>\n\t\t\t\t<section class=\"elementor-section elementor-top-section elementor-element elementor-element-2ab1fa4 elementor-section-boxed elementor-section-height-default elementor-section-height-default\" data-id=\"2ab1fa4\" data-element_type=\"section\">\n\t\t\t\t\t\t<div class=\"elementor-container elementor-column-gap-default\">\n\t\t\t\t\t\t\t<div class=\"elementor-row\">\n\t\t\t\t\t<div class=\"elementor-column elementor-col-50 elementor-top-column elementor-element elementor-element-fb44bc6\" data-id=\"fb44bc6\" data-element_type=\"column\">\n\t\t\t<div class=\"elementor-column-wrap elementor-element-populated\">\n\t\t\t\t\t\t\t<div class=\"elementor-widget-wrap\">\n\t\t\t\t\t\t<div class=\"elementor-element elementor-element-45d0277 elementor-widget elementor-widget-testimonial\" data-id=\"45d0277\" data-element_type=\"widget\" data-widget_type=\"testimonial.default\">\n\t\t\t\t<div class=\"elementor-widget-container\">\n\t\t\t\t\t<div class=\"elementor-testimonial-wrapper\">\n\t\t\t\t\t\t\t<div class=\"elementor-testimonial-content\">\u201cBuilding links with our native people will allow you to open your senses, learn about cultural diversity, know their needs, appreciate their beliefs and strengthen your love for ours\u201d<\/div>\n\t\t\t\n\t\t\t\t\t\t<div class=\"elementor-testimonial-meta elementor-has-image elementor-testimonial-image-position-aside\">\n\t\t\t\t<div class=\"elementor-testimonial-meta-inner\">\n\t\t\t\t\t\t\t\t\t\t\t<div class=\"elementor-testimonial-image\">\n\t\t\t\t\t\t\t<img width=\"720\" height=\"703\" src=\"https:\/\/esenciar.com.ar\/wp-content\/uploads\/2020\/01\/david.png\" class=\"attachment-full size-full\" alt=\"\" loading=\"lazy\" \/>\t\t\t\t\t\t<\/div>\n\t\t\t\t\t\n\t\t\t\t\t\t\t\t\t\t<div class=\"elementor-testimonial-details\">\n\t\t\t\t\t\t\t\t\t\t\t\t\t\t<div class=\"elementor-testimonial-name\">David Rodriguez<\/div>\n\t\t\t\t\t\t\t\t\t\t\t\t\t\t\t\t\t\t\t\t\t\t<div class=\"elementor-testimonial-job\">Comercial Manager<\/div>\n\t\t\t\t\t\t\t\t\t\t\t\t\t<\/div>\n\t\t\t\t\t\t\t\t\t<\/div>\n\t\t\t<\/div>\n\t\t\t\t\t<\/div>\n\t\t\t\t<\/div>\n\t\t\t\t<\/div>\n\t\t\t\t\t\t<\/div>\n\t\t\t\t\t<\/div>\n\t\t<\/div>\n\t\t\t\t<div class=\"elementor-column elementor-col-50 elementor-top-column elementor-element elementor-element-7da92c2\" data-id=\"7da92c2\" data-element_type=\"column\">\n\t\t\t<div class=\"elementor-column-wrap elementor-element-populated\">\n\t\t\t\t\t\t\t<div class=\"elementor-widget-wrap\">\n\t\t\t\t\t\t<div class=\"elementor-element elementor-element-13c7edb elementor-widget elementor-widget-testimonial\" data-id=\"13c7edb\" data-element_type=\"widget\" data-widget_type=\"testimonial.default\">\n\t\t\t\t<div class=\"elementor-widget-container\">\n\t\t\t\t\t<div class=\"elementor-testimonial-wrapper\">\n\t\t\t\t\t\t\t<div class=\"elementor-testimonial-content\">\u201cWe work to dignify, spread and empower our ancestral communities. Together with them you can experience a full day of cultural exchange knowing the roots of our identity\u201d<\/div>\n\t\t\t\n\t\t\t\t\t\t<div class=\"elementor-testimonial-meta elementor-has-image elementor-testimonial-image-position-aside\">\n\t\t\t\t<div class=\"elementor-testimonial-meta-inner\">\n\t\t\t\t\t\t\t\t\t\t\t<div class=\"elementor-testimonial-image\">\n\t\t\t\t\t\t\t<img width=\"721\" height=\"703\" src=\"https:\/\/esenciar.com.ar\/wp-content\/uploads\/2020\/01\/feli.png\" class=\"attachment-full size-full\" alt=\"\" loading=\"lazy\" \/>\t\t\t\t\t\t<\/div>\n\t\t\t\t\t\n\t\t\t\t\t\t\t\t\t\t<div class=\"elementor-testimonial-details\">\n\t\t\t\t\t\t\t\t\t\t\t\t\t\t<div class=\"elementor-testimonial-name\">Felisa Colombo<\/div>\n\t\t\t\t\t\t\t\t\t\t\t\t\t\t\t\t\t\t\t\t\t\t<div class=\"elementor-testimonial-job\">General Director<\/div>\n\t\t\t\t\t\t\t\t\t\t\t\t\t<\/div>\n\t\t\t\t\t\t\t\t\t<\/div>\n\t\t\t<\/div>\n\t\t\t\t\t<\/div>\n\t\t\t\t<\/div>\n\t\t\t\t<\/div>\n\t\t\t\t\t\t<\/div>\n\t\t\t\t\t<\/div>\n\t\t<\/div>\n\t\t\t\t\t\t\t\t<\/div>\n\t\t\t\t\t<\/div>\n\t\t<\/section>\n\t\t\t\t<section class=\"elementor-section elementor-top-section elementor-element elementor-element-b4087c6 elementor-section-boxed elementor-section-height-default elementor-section-height-default\" data-id=\"b4087c6\" data-element_type=\"section\">\n\t\t\t\t\t\t<div class=\"elementor-container elementor-column-gap-default\">\n\t\t\t\t\t\t\t<div class=\"elementor-row\">\n\t\t\t\t\t\t\t\t\t<\/div>\n\t\t\t\t\t<\/div>\n\t\t<\/section>\n\t\t\t\t\t\t\t\t\t<\/div>\n\t\t\t<\/div>\n\t\t\t\t\t<\/div>","protected":false},"excerpt":{"rendered":"<p>\u00bfQuer\u00e9s compartir una experiencia \u00fanica junto a nuestros pueblos originarios y comunidades rurales? En EsenciAr te proponemos vivir experiencias en &#8230; <\/p>\n<p class=\"read-more-container\"><a title=\"inicio\" class=\"read-more button\" href=\"https:\/\/esenciar.com.ar\/en\/#more-7\" aria-label=\"More on inicio\">See More<\/a><\/p>","protected":false},"author":1,"featured_media":1188,"parent":0,"menu_order":0,"comment_status":"closed","ping_status":"closed","template":"","meta":[],"yoast_head":"<!-- This site is optimized with the Yoast SEO plugin v15.3 - https:\/\/yoast.com\/wordpress\/plugins\/seo\/ -->\n<title>EsenciAr &raquo; Turismo Comunidades Rurales y Pueblos Originarios<\/title>\n<meta name=\"description\" content=\"En EsenciAr te proponemos vivir experiencias \u00fanicas de turismo junto a Comunidades Rurales y Pueblos Originarios, conocer la cultura de nuestros pueblos.\" \/>\n<meta name=\"robots\" content=\"index, follow, max-snippet:-1, max-image-preview:large, max-video-preview:-1\" \/>\n<link rel=\"canonical\" href=\"https:\/\/esenciar.com.ar\/en\/\" \/>\n<meta property=\"og:locale\" content=\"en_GB\" \/>\n<meta property=\"og:type\" content=\"article\" \/>\n<meta property=\"og:title\" content=\"Turismo rural comunitario\" \/>\n<meta property=\"og:description\" content=\"Brindamos jornadas de experiencias culturales junto a Pueblos Originarios y comunidades rurales.\" \/>\n<meta property=\"og:url\" content=\"https:\/\/esenciar.com.ar\/en\/\" \/>\n<meta property=\"og:site_name\" content=\"EsenciAr\" \/>\n<meta property=\"article:publisher\" content=\"https:\/\/www.facebook.com\/EsenciArTurismo\/\" \/>\n<meta property=\"article:modified_time\" content=\"2020-07-28T01:46:47+00:00\" \/>\n<meta property=\"og:image\" content=\"https:\/\/esenciar.com.ar\/wp-content\/uploads\/2020\/01\/elementos-01.png\" \/>\n\t<meta property=\"og:image:width\" content=\"113\" \/>\n\t<meta property=\"og:image:height\" content=\"114\" \/>\n<meta name=\"twitter:card\" content=\"summary_large_image\" \/>\n<meta name=\"twitter:description\" content=\"Ofrecemos experiencia de turismo junto a Comunidades rurales y Pueblos Originarios.\" \/>\n<meta name=\"twitter:image\" content=\"https:\/\/esenciar.com.ar\/wp-content\/uploads\/2020\/01\/elementos-01.svg\" \/>\n<meta name=\"twitter:label1\" content=\"Written by\">\n\t<meta name=\"twitter:data1\" content=\"mjofre\">\n\t<meta name=\"twitter:label2\" content=\"Estimated reading time\">\n\t<meta name=\"twitter:data2\" content=\"1 minute\">\n<script type=\"application\/ld+json\" class=\"yoast-schema-graph\">{\"@context\":\"https:\/\/schema.org\",\"@graph\":[{\"@type\":\"Organization\",\"@id\":\"https:\/\/esenciar.com.ar\/#organization\",\"name\":\"ESENCIAR\",\"url\":\"https:\/\/esenciar.com.ar\/\",\"sameAs\":[\"https:\/\/www.facebook.com\/EsenciArTurismo\/\",\"https:\/\/www.instagram.com\/esenci_ar\/\"],\"logo\":{\"@type\":\"ImageObject\",\"@id\":\"https:\/\/esenciar.com.ar\/#logo\",\"inLanguage\":\"en-GB\",\"url\":\"https:\/\/esenciar.com.ar\/wp-content\/uploads\/2020\/01\/esenciar_logo-03.svg\",\"caption\":\"ESENCIAR\"},\"image\":{\"@id\":\"https:\/\/esenciar.com.ar\/#logo\"}},{\"@type\":\"WebSite\",\"@id\":\"https:\/\/esenciar.com.ar\/#website\",\"url\":\"https:\/\/esenciar.com.ar\/\",\"name\":\"EsenciAr\",\"description\":\"Turismo gastron\\u00f3mico junto a los pueblos originarios de la Argentina\",\"publisher\":{\"@id\":\"https:\/\/esenciar.com.ar\/#organization\"},\"potentialAction\":[{\"@type\":\"SearchAction\",\"target\":\"https:\/\/esenciar.com.ar\/?s={search_term_string}\",\"query-input\":\"required name=search_term_string\"}],\"inLanguage\":\"en-GB\"},{\"@type\":\"ImageObject\",\"@id\":\"https:\/\/esenciar.com.ar\/#primaryimage\",\"inLanguage\":\"en-GB\",\"url\":\"https:\/\/esenciar.com.ar\/wp-content\/uploads\/2020\/01\/elementos-01.svg\",\"caption\":\"Logo de Esenciar son los cuatro elementos\"},{\"@type\":\"WebPage\",\"@id\":\"https:\/\/esenciar.com.ar\/#webpage\",\"url\":\"https:\/\/esenciar.com.ar\/\",\"name\":\"EsenciAr &raquo; Turismo Comunidades Rurales y Pueblos Originarios\",\"isPartOf\":{\"@id\":\"https:\/\/esenciar.com.ar\/#website\"},\"primaryImageOfPage\":{\"@id\":\"https:\/\/esenciar.com.ar\/#primaryimage\"},\"datePublished\":\"2018-02-17T00:48:32+00:00\",\"dateModified\":\"2020-07-28T01:46:47+00:00\",\"description\":\"En EsenciAr te proponemos vivir experiencias \\u00fanicas de turismo junto a Comunidades Rurales y Pueblos Originarios, conocer la cultura de nuestros pueblos.\",\"inLanguage\":\"en-GB\",\"potentialAction\":[{\"@type\":\"ReadAction\",\"target\":[\"https:\/\/esenciar.com.ar\/\"]}]}]}<\/script>\n<!-- \/ Yoast SEO plugin. -->","_links":{"self":[{"href":"https:\/\/esenciar.com.ar\/en\/wp-json\/wp\/v2\/pages\/7"}],"collection":[{"href":"https:\/\/esenciar.com.ar\/en\/wp-json\/wp\/v2\/pages"}],"about":[{"href":"https:\/\/esenciar.com.ar\/en\/wp-json\/wp\/v2\/types\/page"}],"author":[{"embeddable":true,"href":"https:\/\/esenciar.com.ar\/en\/wp-json\/wp\/v2\/users\/1"}],"replies":[{"embeddable":true,"href":"https:\/\/esenciar.com.ar\/en\/wp-json\/wp\/v2\/comments?post=7"}],"version-history":[{"count":59,"href":"https:\/\/esenciar.com.ar\/en\/wp-json\/wp\/v2\/pages\/7\/revisions"}],"predecessor-version":[{"id":1620,"href":"https:\/\/esenciar.com.ar\/en\/wp-json\/wp\/v2\/pages\/7\/revisions\/1620"}],"wp:featuredmedia":[{"embeddable":true,"href":"https:\/\/esenciar.com.ar\/en\/wp-json\/wp\/v2\/media\/1188"}],"wp:attachment":[{"href":"https:\/\/esenciar.com.ar\/en\/wp-json\/wp\/v2\/media?parent=7"}],"curies":[{"name":"wp","href":"https:\/\/api.w.org\/{rel}","templated":true}]}}